{"id":19483,"date":"2023-11-10T13:52:56","date_gmt":"2023-11-10T05:52:56","guid":{"rendered":"http:\/\/ceshi.dtcstart.com\/sheet-metal-materials-copy"},"modified":"2023-11-27T15:46:14","modified_gmt":"2023-11-27T07:46:14","slug":"surface-finishing","status":"publish","type":"page","link":"https:\/\/hbsfwmetalworking.com\/es\/surface-finishing","title":{"rendered":"Acabado de superficies"},"content":{"rendered":"<div data-elementor-type=\"wp-page\" data-elementor-id=\"19483\" class=\"elementor elementor-19483\" data-elementor-post-type=\"page\">\n\t\t\t\t\t\t\t\t\t<section class=\"elementor-section elementor-top-section elementor-element elementor-element-ecb8094 elementor-section-full_width wd-section-stretch elementor-section-height-default elementor-section-height-default\" data-id=\"ecb8094\" data-element_type=\"section\" data-settings=\"{&quot;background_background&quot;:&quot;classic&quot;}\">\n\t\t\t\t\t\t<div class=\"elementor-container elementor-column-gap-default\">\n\t\t\t\t\t<div class=\"elementor-column elementor-col-100 elementor-top-column elementor-element elementor-element-a245fbd\" data-id=\"a245fbd\" data-element_type=\"column\">\n\t\t\t<div class=\"elementor-widget-wrap elementor-element-populated\">\n\t\t\t\t\t\t\t\t<div class=\"elementor-element elementor-element-29db6ec elementor-widget elementor-widget-wd_title\" data-id=\"29db6ec\" data-element_type=\"widget\" data-widget_type=\"wd_title.default\">\n\t\t\t\t<div class=\"elementor-widget-container\">\n\t\t\t\t\t<div class=\"title-wrapper set-mb-s reset-last-child wd-title-color-default wd-title-style-default wd-title-size-default text-left\">\n\n\t\t\t\t\t\t\t<div class=\"title-subtitle subtitle-color-default subtitle-style-default wd-fontsize-xs\">\n\t\t\t\t\tRECURSOS\t\t\t\t<\/div>\n\t\t\t\n\t\t\t<div class=\"liner-continer\">\n\t\t\t\t<h2 class=\"woodmart-title-container title wd-fontsize-l\">Acabado de superficies<\/h2> \n\t\t\t\t\t\t\t<\/div>\n\n\t\t\t\t\t\t\t<div class=\"title-after_title set-cont-mb-s reset-last-child wd-fontsize-xs\">\n\t\t\t\t\t<p>Elegir el acabado superficial adecuado para satisfacer los requisitos de su producto y aplicaci\u00f3n es crucial para el aspecto, el rendimiento y la vida \u00fatil del producto. HBSFW, uno de los principales fabricantes por contrato de China, ofrece una amplia gama de opciones de acabados superficiales para satisfacer todas las necesidades de los clientes y puede proporcionar informaci\u00f3n t\u00e9cnica basada en nuestra amplia experiencia en el sector y en NPI.<\/p>\t\t\t\t<\/div>\n\t\t\t\t\t<\/div>\n\t\t\t\t<\/div>\n\t\t\t\t<\/div>\n\t\t\t\t\t<\/div>\n\t\t<\/div>\n\t\t\t\t\t\t\t<\/div>\n\t\t<\/section>\n\t\t\t\t<section class=\"wd-negative-gap elementor-section elementor-top-section elementor-element elementor-element-bd096bd elementor-section-boxed elementor-section-height-default elementor-section-height-default wd-section-disabled\" data-id=\"bd096bd\" data-element_type=\"section\">\n\t\t\t\t\t\t<div class=\"elementor-container elementor-column-gap-default\">\n\t\t\t\t\t<div class=\"elementor-column elementor-col-100 elementor-top-column elementor-element elementor-element-100673d\" data-id=\"100673d\" data-element_type=\"column\">\n\t\t\t<div class=\"elementor-widget-wrap elementor-element-populated\">\n\t\t\t\t\t\t\t\t<div class=\"elementor-element elementor-element-b1174dc elementor-widget elementor-widget-wd_tabs\" data-id=\"b1174dc\" data-element_type=\"widget\" data-widget_type=\"wd_tabs.default\">\n\t\t\t\t<div class=\"elementor-widget-container\">\n\t\t\t\t\t<div class=\"wd-tabs tabs-design-default\">\n\t\t\t<div class=\"wd-tabs-header text-center\">\n\t\t\t\t\n\t\t\t\t\n\t\t\t\t<div class=\"wd-nav-wrapper wd-nav-tabs-wrapper\">\n\t\t\t\t\t<ul class=\"wd-nav wd-nav-tabs wd-icon-pos-left wd-style-default\">\n\t\t\t\t\t\t\t\t\t\t\t\t\t\n\t\t\t\t\t\t\t<li>\n\t\t\t\t\t\t\t\t<a href=\"#\" class=\"wd-nav-link\">\n\t\t\t\t\t\t\t\t\t\n\t\t\t\t\t\t\t\t\t<span class=\"nav-link-text wd-tabs-title\">\n\t\t\t\t\t\t\t\t\t\tTIPOS\t\t\t\t\t\t\t\t\t<\/span>\n\t\t\t\t\t\t\t\t<\/a>\n\t\t\t\t\t\t\t<\/li>\n\n\t\t\t\t\t\t\t\t\t\t\t\t\t\n\t\t\t\t\t\t\t<li>\n\t\t\t\t\t\t\t\t<a href=\"#\" class=\"wd-nav-link\">\n\t\t\t\t\t\t\t\t\t\n\t\t\t\t\t\t\t\t\t<span class=\"nav-link-text wd-tabs-title\">\n\t\t\t\t\t\t\t\t\t\tPropiedades\t\t\t\t\t\t\t\t\t<\/span>\n\t\t\t\t\t\t\t\t<\/a>\n\t\t\t\t\t\t\t<\/li>\n\n\t\t\t\t\t\t\t\t\t\t\t<\/ul>\n\t\t\t\t<\/div>\n\t\t\t<\/div>\n\n\t\t\t<div class=\"wd-tab-content-wrapper\">\n\t\t\t\t\t\t\t\t\t\t\t\t\t\t\n\t\t\t\t\t\n\t\t\t\t\t<div class=\"wd-tab-content wd-active wd-in\">\n\t\t\t\t\t\t\t\t\t\t\t\t\t<div >\n\t\t\t\t\t\t\t\t<p><img decoding=\"async\" loading=\"lazy\" class=\"aligncenter size-full wp-image-19503\" src=\"http:\/\/hbsfwmetalworking.com\/wp-content\/uploads\/2023\/11\/345.png\" alt=\"\" width=\"1616\" height=\"901\" srcset=\"https:\/\/hbsfwmetalworking.com\/wp-content\/uploads\/2023\/11\/345.png 1616w, https:\/\/hbsfwmetalworking.com\/wp-content\/uploads\/2023\/11\/345-300x167.png 300w, https:\/\/hbsfwmetalworking.com\/wp-content\/uploads\/2023\/11\/345-1024x571.png 1024w, https:\/\/hbsfwmetalworking.com\/wp-content\/uploads\/2023\/11\/345-768x428.png 768w, https:\/\/hbsfwmetalworking.com\/wp-content\/uploads\/2023\/11\/345-1536x856.png 1536w, https:\/\/hbsfwmetalworking.com\/wp-content\/uploads\/2023\/11\/345-600x335.png 600w, https:\/\/hbsfwmetalworking.com\/wp-content\/uploads\/2023\/11\/345-150x84.png 150w\" sizes=\"(max-width: 1616px) 100vw, 1616px\" \/><\/p>\t\t\t\t\t\t\t<\/div>\n\t\t\t\t\t\t\t\t\t\t\t<\/div>\n\n\t\t\t\t\t\t\t\t\t\t\t\t\t\t\n\t\t\t\t\t\n\t\t\t\t\t<div class=\"wd-tab-content\">\n\t\t\t\t\t\t\t\t\t\t\t\t\t<div >\n\t\t\t\t\t\t\t\t<p><img decoding=\"async\" loading=\"lazy\" class=\"aligncenter size-full wp-image-19504\" src=\"http:\/\/hbsfwmetalworking.com\/wp-content\/uploads\/2023\/11\/789.png\" alt=\"\" width=\"1614\" height=\"491\" srcset=\"https:\/\/hbsfwmetalworking.com\/wp-content\/uploads\/2023\/11\/789.png 1614w, https:\/\/hbsfwmetalworking.com\/wp-content\/uploads\/2023\/11\/789-300x91.png 300w, https:\/\/hbsfwmetalworking.com\/wp-content\/uploads\/2023\/11\/789-1024x312.png 1024w, https:\/\/hbsfwmetalworking.com\/wp-content\/uploads\/2023\/11\/789-768x234.png 768w, https:\/\/hbsfwmetalworking.com\/wp-content\/uploads\/2023\/11\/789-1536x467.png 1536w, https:\/\/hbsfwmetalworking.com\/wp-content\/uploads\/2023\/11\/789-600x183.png 600w, https:\/\/hbsfwmetalworking.com\/wp-content\/uploads\/2023\/11\/789-150x46.png 150w\" sizes=\"(max-width: 1614px) 100vw, 1614px\" \/><\/p>\t\t\t\t\t\t\t<\/div>\n\t\t\t\t\t\t\t\t\t\t\t<\/div>\n\n\t\t\t\t\t\t\t<\/div>\n\t\t<\/div>\n\t\t\t\t<\/div>\n\t\t\t\t<\/div>\n\t\t\t\t\t<\/div>\n\t\t<\/div>\n\t\t\t\t\t\t\t<\/div>\n\t\t<\/section>\n\t\t\t\t<section class=\"elementor-section elementor-top-section elementor-element elementor-element-07b85fd elementor-section-full_width wd-section-stretch elementor-section-height-default elementor-section-height-default\" data-id=\"07b85fd\" data-element_type=\"section\" data-settings=\"{&quot;background_background&quot;:&quot;classic&quot;}\">\n\t\t\t\t\t\t<div class=\"elementor-container elementor-column-gap-default\">\n\t\t\t\t\t<div class=\"elementor-column elementor-col-100 elementor-top-column elementor-element elementor-element-74646ba\" data-id=\"74646ba\" data-element_type=\"column\">\n\t\t\t<div class=\"elementor-widget-wrap elementor-element-populated\">\n\t\t\t\t\t\t\t\t<div class=\"elementor-element elementor-element-e6d09d2 color-scheme-inherit text-left elementor-widget elementor-widget-text-editor\" data-id=\"e6d09d2\" data-element_type=\"widget\" data-widget_type=\"text-editor.default\">\n\t\t\t\t<div class=\"elementor-widget-container\">\n\t\t\t<style>\/*! elementor - v3.16.0 - 20-09-2023 *\/\n.elementor-widget-text-editor.elementor-drop-cap-view-stacked .elementor-drop-cap{background-color:#69727d;color:#fff}.elementor-widget-text-editor.elementor-drop-cap-view-framed .elementor-drop-cap{color:#69727d;border:3px solid;background-color:transparent}.elementor-widget-text-editor:not(.elementor-drop-cap-view-default) .elementor-drop-cap{margin-top:8px}.elementor-widget-text-editor:not(.elementor-drop-cap-view-default) .elementor-drop-cap-letter{width:1em;height:1em}.elementor-widget-text-editor .elementor-drop-cap{float:left;text-align:center;line-height:1;font-size:50px}.elementor-widget-text-editor .elementor-drop-cap-letter{display:inline-block}<\/style>\t\t\t\t<p>Con el fin de proporcionar a los clientes una mejor experiencia de cliente, nuestros ingenieros deben resolver su confusi\u00f3n actual a la velocidad m\u00e1s r\u00e1pida, por favor no dude en contactar con nosotros<\/p>\t\t\t\t\t\t<\/div>\n\t\t\t\t<\/div>\n\t\t\t\t<div class=\"elementor-element elementor-element-a22aa66 elementor-widget elementor-widget-wd_button\" data-id=\"a22aa66\" data-element_type=\"widget\" data-widget_type=\"wd_button.default\">\n\t\t\t\t<div class=\"elementor-widget-container\">\n\t\t\t\t\t<div class=\"wd-button-wrapper text-center\" >\n\t\t\t<a class=\"btn btn-style-default btn-style-rectangle btn-size-default btn-color-primary btn-icon-pos-right\"  href=\"https:\/\/hbsfwmetalworking.com\/es\/factory-and-machinery\/\">\n\t\t\t\t<span class=\"wd-btn-text\" data-elementor-setting-key=\"text\">\n\t\t\t\t\tnuestra f\u00e1brica y maquinaria\t\t\t\t<\/span>\n\n\t\t\t\t\t\t\t<\/a>\n\t\t<\/div>\n\t\t\t\t<\/div>\n\t\t\t\t<\/div>\n\t\t\t\t\t<\/div>\n\t\t<\/div>\n\t\t\t\t\t\t\t<\/div>\n\t\t<\/section>\n\t\t\t\t\t\t\t<\/div>","protected":false},"excerpt":{"rendered":"<p>RESOURCES Surface Finishing Choosing the right surface finish to fit your product\u2019s and application\u2019s requirements is crucial to product appearance,<\/p>","protected":false},"author":1,"featured_media":0,"parent":0,"menu_order":0,"comment_status":"closed","ping_status":"closed","template":"","meta":{"footnotes":""},"_links":{"self":[{"href":"https:\/\/hbsfwmetalworking.com\/es\/wp-json\/wp\/v2\/pages\/19483"}],"collection":[{"href":"https:\/\/hbsfwmetalworking.com\/es\/wp-json\/wp\/v2\/pages"}],"about":[{"href":"https:\/\/hbsfwmetalworking.com\/es\/wp-json\/wp\/v2\/types\/page"}],"author":[{"embeddable":true,"href":"https:\/\/hbsfwmetalworking.com\/es\/wp-json\/wp\/v2\/users\/1"}],"replies":[{"embeddable":true,"href":"https:\/\/hbsfwmetalworking.com\/es\/wp-json\/wp\/v2\/comments?post=19483"}],"version-history":[{"count":22,"href":"https:\/\/hbsfwmetalworking.com\/es\/wp-json\/wp\/v2\/pages\/19483\/revisions"}],"predecessor-version":[{"id":20107,"href":"https:\/\/hbsfwmetalworking.com\/es\/wp-json\/wp\/v2\/pages\/19483\/revisions\/20107"}],"wp:attachment":[{"href":"https:\/\/hbsfwmetalworking.com\/es\/wp-json\/wp\/v2\/media?parent=19483"}],"curies":[{"name":"wp","href":"https:\/\/api.w.org\/{rel}","templated":true}]}}