{"id":20260,"date":"2023-12-16T14:44:11","date_gmt":"2023-12-16T06:44:11","guid":{"rendered":"http:\/\/hbsfwmetalworking.com\/?post_type=product&#038;p=20260"},"modified":"2023-12-16T14:44:11","modified_gmt":"2023-12-16T06:44:11","slug":"electronic-metal-stamping-components2","status":"publish","type":"product","link":"https:\/\/hbsfwmetalworking.com\/es\/producto\/electronic-metal-stamping-components2","title":{"rendered":"Componentes electr\u00f3nicos de estampaci\u00f3n met\u00e1lica2"},"content":{"rendered":"","protected":false},"excerpt":{"rendered":"","protected":false},"featured_media":20261,"template":"","meta":[],"product_cat":[97],"product_tag":[],"_links":{"self":[{"href":"https:\/\/hbsfwmetalworking.com\/es\/wp-json\/wp\/v2\/product\/20260"}],"collection":[{"href":"https:\/\/hbsfwmetalworking.com\/es\/wp-json\/wp\/v2\/product"}],"about":[{"href":"https:\/\/hbsfwmetalworking.com\/es\/wp-json\/wp\/v2\/types\/product"}],"wp:featuredmedia":[{"embeddable":true,"href":"https:\/\/hbsfwmetalworking.com\/es\/wp-json\/wp\/v2\/media\/20261"}],"wp:attachment":[{"href":"https:\/\/hbsfwmetalworking.com\/es\/wp-json\/wp\/v2\/media?parent=20260"}],"wp:term":[{"taxonomy":"product_cat","embeddable":true,"href":"https:\/\/hbsfwmetalworking.com\/es\/wp-json\/wp\/v2\/product_cat?post=20260"},{"taxonomy":"product_tag","embeddable":true,"href":"https:\/\/hbsfwmetalworking.com\/es\/wp-json\/wp\/v2\/product_tag?post=20260"}],"curies":[{"name":"wp","href":"https:\/\/api.w.org\/{rel}","templated":true}]}}