{"id":20475,"date":"2024-05-02T17:32:49","date_gmt":"2024-05-02T09:32:49","guid":{"rendered":"http:\/\/hbsfwmetalworking.com\/?post_type=product&#038;p=20475"},"modified":"2024-05-02T17:37:07","modified_gmt":"2024-05-02T09:37:07","slug":"large-custom-stamping-sheet-metal-parts-for-cars-and-trains","status":"publish","type":"product","link":"https:\/\/hbsfwmetalworking.com\/es\/producto\/large-custom-stamping-sheet-metal-parts-for-cars-and-trains","title":{"rendered":"Estampaci\u00f3n a medida de gran tama\u00f1o: piezas de chapa para autom\u00f3viles y trenes"},"content":{"rendered":"<p><img decoding=\"async\" loading=\"lazy\" class=\"alignnone size-medium wp-image-20477\" src=\"http:\/\/hbsfwmetalworking.com\/wp-content\/uploads\/2024\/05\/fd650931c5818e274b2b395bd4d1878-300x300.png\" alt=\"\" width=\"300\" height=\"300\" srcset=\"https:\/\/hbsfwmetalworking.com\/wp-content\/uploads\/2024\/05\/fd650931c5818e274b2b395bd4d1878-300x300.png 300w, https:\/\/hbsfwmetalworking.com\/wp-content\/uploads\/2024\/05\/fd650931c5818e274b2b395bd4d1878-150x150.png 150w, https:\/\/hbsfwmetalworking.com\/wp-content\/uploads\/2024\/05\/fd650931c5818e274b2b395bd4d1878-12x12.png 12w, https:\/\/hbsfwmetalworking.com\/wp-content\/uploads\/2024\/05\/fd650931c5818e274b2b395bd4d1878.png 500w\" sizes=\"(max-width: 300px) 100vw, 300px\" \/><\/p>\n<p><img decoding=\"async\" loading=\"lazy\" class=\"alignnone size-medium wp-image-20476\" src=\"http:\/\/hbsfwmetalworking.com\/wp-content\/uploads\/2024\/05\/e84a6a14cb75df6b0e4920cee31a501-225x300.png\" alt=\"\" width=\"225\" height=\"300\" srcset=\"https:\/\/hbsfwmetalworking.com\/wp-content\/uploads\/2024\/05\/e84a6a14cb75df6b0e4920cee31a501-225x300.png 225w, https:\/\/hbsfwmetalworking.com\/wp-content\/uploads\/2024\/05\/e84a6a14cb75df6b0e4920cee31a501-9x12.png 9w, https:\/\/hbsfwmetalworking.com\/wp-content\/uploads\/2024\/05\/e84a6a14cb75df6b0e4920cee31a501-150x200.png 150w, https:\/\/hbsfwmetalworking.com\/wp-content\/uploads\/2024\/05\/e84a6a14cb75df6b0e4920cee31a501.png 500w\" sizes=\"(max-width: 225px) 100vw, 225px\" \/><\/p>\n<p>&nbsp;<\/p>","protected":false},"excerpt":{"rendered":"<p>Disponemos de m\u00e1s de 1000 toneladas de equipos hidr\u00e1ulicos, con ingenieros profesionales en dise\u00f1o de moldes y fabricaci\u00f3n. Chapa de la puerta del coche, tren de lujo personalizado asiento piezas de chapa son nuestros productos calientes.<\/p>","protected":false},"featured_media":0,"template":"","meta":[],"product_cat":[96],"product_tag":[],"_links":{"self":[{"href":"https:\/\/hbsfwmetalworking.com\/es\/wp-json\/wp\/v2\/product\/20475"}],"collection":[{"href":"https:\/\/hbsfwmetalworking.com\/es\/wp-json\/wp\/v2\/product"}],"about":[{"href":"https:\/\/hbsfwmetalworking.com\/es\/wp-json\/wp\/v2\/types\/product"}],"wp:attachment":[{"href":"https:\/\/hbsfwmetalworking.com\/es\/wp-json\/wp\/v2\/media?parent=20475"}],"wp:term":[{"taxonomy":"product_cat","embeddable":true,"href":"https:\/\/hbsfwmetalworking.com\/es\/wp-json\/wp\/v2\/product_cat?post=20475"},{"taxonomy":"product_tag","embeddable":true,"href":"https:\/\/hbsfwmetalworking.com\/es\/wp-json\/wp\/v2\/product_tag?post=20475"}],"curies":[{"name":"wp","href":"https:\/\/api.w.org\/{rel}","templated":true}]}}