{"id":18797,"date":"2023-11-08T20:35:46","date_gmt":"2023-11-08T12:35:46","guid":{"rendered":"http:\/\/ceshi.dtcstart.com\/?page_id=18797"},"modified":"2023-11-27T15:20:39","modified_gmt":"2023-11-27T07:20:39","slug":"milestones","status":"publish","type":"page","link":"https:\/\/hbsfwmetalworking.com\/fr\/milestones","title":{"rendered":"Jalons"},"content":{"rendered":"<div data-elementor-type=\"wp-page\" data-elementor-id=\"18797\" class=\"elementor elementor-18797\" data-elementor-post-type=\"page\">\n\t\t\t\t\t\t\t\t\t<section class=\"wd-negative-gap elementor-section elementor-top-section elementor-element elementor-element-ebd21fe elementor-section-boxed elementor-section-height-default elementor-section-height-default wd-section-disabled\" data-id=\"ebd21fe\" data-element_type=\"section\">\n\t\t\t\t\t\t<div class=\"elementor-container elementor-column-gap-default\">\n\t\t\t\t\t<div class=\"elementor-column elementor-col-100 elementor-top-column elementor-element elementor-element-28cdc7a\" data-id=\"28cdc7a\" data-element_type=\"column\">\n\t\t\t<div class=\"elementor-widget-wrap elementor-element-populated\">\n\t\t\t\t\t\t\t\t<div class=\"elementor-element elementor-element-126ef77 elementor-widget elementor-widget-heading\" data-id=\"126ef77\" data-element_type=\"widget\" data-widget_type=\"heading.default\">\n\t\t\t\t<div class=\"elementor-widget-container\">\n\t\t\t<style>\/*! elementor - v3.16.0 - 20-09-2023 *\/\n.elementor-heading-title{padding:0;margin:0;line-height:1}.elementor-widget-heading .elementor-heading-title[class*=elementor-size-]>a{color:inherit;font-size:inherit;line-height:inherit}.elementor-widget-heading .elementor-heading-title.elementor-size-small{font-size:15px}.elementor-widget-heading .elementor-heading-title.elementor-size-medium{font-size:19px}.elementor-widget-heading .elementor-heading-title.elementor-size-large{font-size:29px}.elementor-widget-heading .elementor-heading-title.elementor-size-xl{font-size:39px}.elementor-widget-heading .elementor-heading-title.elementor-size-xxl{font-size:59px}<\/style><h2 class=\"elementor-heading-title elementor-size-default\">Jalons - Fabrication sous contrat en Chine<\/h2>\t\t<\/div>\n\t\t\t\t<\/div>\n\t\t\t\t\t<\/div>\n\t\t<\/div>\n\t\t\t\t\t\t\t<\/div>\n\t\t<\/section>\n\t\t\t\t<section class=\"wd-negative-gap elementor-section elementor-top-section elementor-element elementor-element-810606b elementor-section-boxed elementor-section-height-default elementor-section-height-default wd-section-disabled\" data-id=\"810606b\" data-element_type=\"section\">\n\t\t\t\t\t\t<div class=\"elementor-container elementor-column-gap-default\">\n\t\t\t\t\t<div class=\"elementor-column elementor-col-100 elementor-top-column elementor-element elementor-element-dd171e3\" data-id=\"dd171e3\" data-element_type=\"column\">\n\t\t\t<div class=\"elementor-widget-wrap elementor-element-populated\">\n\t\t\t\t\t\t\t\t<div class=\"elementor-element elementor-element-da50cc1 elementor-widget elementor-widget-wd_timeline\" data-id=\"da50cc1\" data-element_type=\"widget\" data-widget_type=\"wd_timeline.default\">\n\t\t\t\t<div class=\"elementor-widget-container\">\n\t\t\t\t\t<div class=\"wd-timeline-wrapper wd-item-shadow wd-line-default\">\n\t\t\t<div class=\"woodmart-timeline-line\">\n\t\t\t\t<span class=\"line-dot dot-start\"><\/span>\n\t\t\t\t<span class=\"line-dot dot-end\"><\/span>\n\t\t\t<\/div>\n\n\t\t\t<div class=\"wd-timeline\">\n\t\t\t\t\t\t\t\t\t\t\t\t\t\t\t\t\t\t\t\t<div class=\"wd-timeline-item wd-item-position-left elementor-repeater-item-1712fb8\">\n\t\t\t\t\t\t\t<div class=\"woodmart-timeline-dot\"><\/div>\n\n\t\t\t\t\t\t\t<div class=\"timeline-col timeline-col-primary\">\n\t\t\t\t\t\t\t\t<span class=\"timeline-arrow\"><\/span>\n\t\t\t\t\t\t\t\t\n\t\t\t\t\t\t\t\t\n\t\t\t\t\t\t\t\t<div class=\"wd-timeline-content set-cont-mb-s reset-last-child\">\n\t\t\t\t\t\t\t\t\t<p style=\"text-align: left;\"><strong><span style=\"font-size: 24pt;\">2021<\/span><\/strong><\/p><p style=\"text-align: left;\"><strong>Extension de notre capacit\u00e9 de production avec un troisi\u00e8me site de production<\/strong><br \/>- Komaspec compte 200 employ\u00e9s.<br \/>- Lancement de notre plateforme de devis instantan\u00e9s en ligne de la 3D \u00e0 l'exp\u00e9dition pour la t\u00f4lerie<br \/>- Ouverture de notre troisi\u00e8me site de production avec 40 000 m\u00b2 suppl\u00e9mentaires d'espace de production pour un total de 93 000 m\u00b2.<\/p>\t\t\t\t\t\t\t\t<\/div>\n\t\t\t\t\t\t\t<\/div>\n\n\t\t\t\t\t\t\t<div class=\"timeline-col timeline-col-secondary\">\n\t\t\t\t\t\t\t\t<span class=\"timeline-arrow\"><\/span>\n\t\t\t\t\t\t\t\t\n\t\t\t\t\t\t\t\t\n\t\t\t\t\t\t\t\t<div class=\"wd-timeline-content set-cont-mb-s reset-last-child\">\n\t\t\t\t\t\t\t\t\t<p><span style=\"font-size: 24pt;\"><strong>2020<\/strong><\/span><\/p><p><strong>Investissements importants dans de nouveaux \u00e9quipements<\/strong><br \/>- Komaspec compte 150 employ\u00e9s.<br \/>- Ajout de plusieurs machines haut de gamme, dont trois (3) presses plieuses LVD, un syst\u00e8me de robot de soudage Panasonic et une machine de d\u00e9coupe laser \u00e0 fibre de 8 kW.<\/p>\t\t\t\t\t\t\t\t<\/div>\n\t\t\t\t\t\t\t<\/div>\n\t\t\t\t\t\t<\/div>\n\t\t\t\t\t\t\t\t\t\t\t\t\t\t\t\t\t\t\t\t\t\t\t\t\t<div class=\"wd-timeline-item wd-item-position-left elementor-repeater-item-e612a45\">\n\t\t\t\t\t\t\t<div class=\"woodmart-timeline-dot\"><\/div>\n\n\t\t\t\t\t\t\t<div class=\"timeline-col timeline-col-primary\">\n\t\t\t\t\t\t\t\t<span class=\"timeline-arrow\"><\/span>\n\t\t\t\t\t\t\t\t\n\t\t\t\t\t\t\t\t\n\t\t\t\t\t\t\t\t<div class=\"wd-timeline-content set-cont-mb-s reset-last-child\">\n\t\t\t\t\t\t\t\t\t<p style=\"text-align: left;\"><span style=\"font-size: 24pt;\"><strong>2018<\/strong><\/span><\/p><p style=\"text-align: left;\"><strong>Mise en \u0153uvre de l'analyse des donn\u00e9es de fabrication<\/strong><br \/>- Komaspec compte 125 employ\u00e9s.<br \/>- Komaspec d\u00e9veloppe et met en \u0153uvre l'analyse des donn\u00e9es dans son environnement de fabrication \u00e0 haute teneur en mati\u00e8res premi\u00e8res.<\/p>\t\t\t\t\t\t\t\t<\/div>\n\t\t\t\t\t\t\t<\/div>\n\n\t\t\t\t\t\t\t<div class=\"timeline-col timeline-col-secondary\">\n\t\t\t\t\t\t\t\t<span class=\"timeline-arrow\"><\/span>\n\t\t\t\t\t\t\t\t\n\t\t\t\t\t\t\t\t\n\t\t\t\t\t\t\t\t<div class=\"wd-timeline-content set-cont-mb-s reset-last-child\">\n\t\t\t\t\t\t\t\t\t<p><strong><span style=\"font-size: 24pt;\">2017<\/span><\/strong><\/p><p><strong>Ouverture d'un deuxi\u00e8me site de production<\/strong><br \/>- Komaspec ouvre une installation de 13 000 pieds carr\u00e9s dans le district de Huadu, en Chine, pour la d\u00e9coupe au laser de la t\u00f4le et le pliage CNC de la t\u00f4le.<br \/>- Komaspec met en \u0153uvre la surveillance des machines en temps r\u00e9el.<\/p>\t\t\t\t\t\t\t\t<\/div>\n\t\t\t\t\t\t\t<\/div>\n\t\t\t\t\t\t<\/div>\n\t\t\t\t\t\t\t\t\t\t\t\t\t\t\t\t\t\t\t\t\t\t\t\t\t<div class=\"wd-timeline-item wd-item-position-left elementor-repeater-item-12ae2bc\">\n\t\t\t\t\t\t\t<div class=\"woodmart-timeline-dot\"><\/div>\n\n\t\t\t\t\t\t\t<div class=\"timeline-col timeline-col-primary\">\n\t\t\t\t\t\t\t\t<span class=\"timeline-arrow\"><\/span>\n\t\t\t\t\t\t\t\t\n\t\t\t\t\t\t\t\t\n\t\t\t\t\t\t\t\t<div class=\"wd-timeline-content set-cont-mb-s reset-last-child\">\n\t\t\t\t\t\t\t\t\t<p style=\"text-align: left;\"><span style=\"font-size: 24pt;\"><strong>2016<\/strong><\/span><\/p><p style=\"text-align: left;\"><strong>Finalisation de la num\u00e9risation<\/strong><br \/>- Komaspec poursuit son voyage vers la num\u00e9risation de la fabrication.<\/p>\t\t\t\t\t\t\t\t<\/div>\n\t\t\t\t\t\t\t<\/div>\n\n\t\t\t\t\t\t\t<div class=\"timeline-col timeline-col-secondary\">\n\t\t\t\t\t\t\t\t<span class=\"timeline-arrow\"><\/span>\n\t\t\t\t\t\t\t\t\n\t\t\t\t\t\t\t\t\n\t\t\t\t\t\t\t\t<div class=\"wd-timeline-content set-cont-mb-s reset-last-child\">\n\t\t\t\t\t\t\t\t\t<p><span style=\"font-size: 24pt;\"><strong>2015<\/strong><\/span><\/p><p><strong>Vers une usine intelligente<\/strong><br \/>- Komaspec ach\u00e8ve la mise en \u0153uvre de Pivot88, un logiciel de surveillance du contr\u00f4le de la qualit\u00e9 en temps r\u00e9el et d'\u00e9tablissement de rapports.<\/p>\t\t\t\t\t\t\t\t<\/div>\n\t\t\t\t\t\t\t<\/div>\n\t\t\t\t\t\t<\/div>\n\t\t\t\t\t\t\t\t\t\t\t\t<\/div>\n\t\t<\/div>\n\t\t\t\t<\/div>\n\t\t\t\t<\/div>\n\t\t\t\t\t<\/div>\n\t\t<\/div>\n\t\t\t\t\t\t\t<\/div>\n\t\t<\/section>\n\t\t\t\t<section class=\"elementor-section elementor-top-section elementor-element elementor-element-bf30c55 elementor-section-full_width wd-section-stretch elementor-section-height-default elementor-section-height-default\" data-id=\"bf30c55\" data-element_type=\"section\" data-settings=\"{&quot;background_background&quot;:&quot;classic&quot;}\">\n\t\t\t\t\t\t<div class=\"elementor-container elementor-column-gap-default\">\n\t\t\t\t\t<div class=\"elementor-column elementor-col-100 elementor-top-column elementor-element elementor-element-d32e205\" data-id=\"d32e205\" data-element_type=\"column\">\n\t\t\t<div class=\"elementor-widget-wrap elementor-element-populated\">\n\t\t\t\t\t\t\t\t<div class=\"elementor-element elementor-element-df379a3 elementor-widget elementor-widget-wd_title\" data-id=\"df379a3\" data-element_type=\"widget\" data-widget_type=\"wd_title.default\">\n\t\t\t\t<div class=\"elementor-widget-container\">\n\t\t\t\t\t<div class=\"title-wrapper set-mb-s reset-last-child wd-title-color-default wd-title-style-default wd-title-size-default text-left\">\n\n\t\t\t\n\t\t\t<div class=\"liner-continer\">\n\t\t\t\t<h4 class=\"woodmart-title-container title wd-fontsize-l\">Fabrication en sous-traitance en Chine<\/h4> \n\t\t\t\t\t\t\t<\/div>\n\n\t\t\t\t\t\t\t<div class=\"title-after_title set-cont-mb-s reset-last-child wd-fontsize-xs\">\n\t\t\t\t\t<p>Fabrication en interne et personnel exceptionnel, soutenus par des processus de contr\u00f4le de la qualit\u00e9 stricts et un syst\u00e8me int\u00e9gr\u00e9 dans notre infrastructure avanc\u00e9e de l'industrie 4.0, afin de garantir que vos pi\u00e8ces r\u00e9pondent toujours aux sp\u00e9cifications.<\/p>\t\t\t\t<\/div>\n\t\t\t\t\t<\/div>\n\t\t\t\t<\/div>\n\t\t\t\t<\/div>\n\t\t\t\t\t<\/div>\n\t\t<\/div>\n\t\t\t\t\t\t\t<\/div>\n\t\t<\/section>\n\t\t\t\t\t\t\t<\/div>","protected":false},"excerpt":{"rendered":"<p>Milestones &#8211; Contract Manufacturing China 2021 Expansion of our manufacturing capacity with a 3rd production site&#8211; HBSFW reaches 200 employees.&#8211;<\/p>","protected":false},"author":1,"featured_media":0,"parent":0,"menu_order":0,"comment_status":"closed","ping_status":"closed","template":"","meta":{"footnotes":""},"_links":{"self":[{"href":"https:\/\/hbsfwmetalworking.com\/fr\/wp-json\/wp\/v2\/pages\/18797"}],"collection":[{"href":"https:\/\/hbsfwmetalworking.com\/fr\/wp-json\/wp\/v2\/pages"}],"about":[{"href":"https:\/\/hbsfwmetalworking.com\/fr\/wp-json\/wp\/v2\/types\/page"}],"author":[{"embeddable":true,"href":"https:\/\/hbsfwmetalworking.com\/fr\/wp-json\/wp\/v2\/users\/1"}],"replies":[{"embeddable":true,"href":"https:\/\/hbsfwmetalworking.com\/fr\/wp-json\/wp\/v2\/comments?post=18797"}],"version-history":[{"count":25,"href":"https:\/\/hbsfwmetalworking.com\/fr\/wp-json\/wp\/v2\/pages\/18797\/revisions"}],"predecessor-version":[{"id":20095,"href":"https:\/\/hbsfwmetalworking.com\/fr\/wp-json\/wp\/v2\/pages\/18797\/revisions\/20095"}],"wp:attachment":[{"href":"https:\/\/hbsfwmetalworking.com\/fr\/wp-json\/wp\/v2\/media?parent=18797"}],"curies":[{"name":"wp","href":"https:\/\/api.w.org\/{rel}","templated":true}]}}