{"id":19150,"date":"2023-11-09T18:47:21","date_gmt":"2023-11-09T10:47:21","guid":{"rendered":"http:\/\/ceshi.dtcstart.com\/?page_id=19150"},"modified":"2023-11-27T14:51:26","modified_gmt":"2023-11-27T06:51:26","slug":"design-for-manufacturability-dfm","status":"publish","type":"page","link":"https:\/\/hbsfwmetalworking.com\/fr\/design-for-manufacturability-dfm","title":{"rendered":"Conception pour la fabrication (DFM)"},"content":{"rendered":"<div data-elementor-type=\"wp-page\" data-elementor-id=\"19150\" class=\"elementor elementor-19150\" data-elementor-post-type=\"page\">\n\t\t\t\t\t\t\t\t\t<section class=\"elementor-section elementor-top-section elementor-element elementor-element-59d7795 elementor-section-full_width elementor-section-height-min-height wd-section-stretch elementor-section-height-default elementor-section-items-middle\" data-id=\"59d7795\" data-element_type=\"section\" data-settings=\"{&quot;background_background&quot;:&quot;classic&quot;}\">\n\t\t\t\t\t\t<div class=\"elementor-container elementor-column-gap-default\">\n\t\t\t\t\t<div class=\"elementor-column elementor-col-100 elementor-top-column elementor-element elementor-element-5b4f92b\" data-id=\"5b4f92b\" data-element_type=\"column\">\n\t\t\t<div class=\"elementor-widget-wrap elementor-element-populated\">\n\t\t\t\t\t\t\t\t<div class=\"elementor-element elementor-element-88376f1 elementor-widget elementor-widget-wd_title\" data-id=\"88376f1\" data-element_type=\"widget\" data-widget_type=\"wd_title.default\">\n\t\t\t\t<div class=\"elementor-widget-container\">\n\t\t\t\t\t<div class=\"title-wrapper set-mb-s reset-last-child wd-title-color-default wd-title-style-default wd-title-size-default text-left\">\n\n\t\t\t\t\t\t\t<div class=\"title-subtitle subtitle-color-default subtitle-style-default wd-fontsize-xs\">\n\t\t\t\t\tCAPACIT\u00c9S\t\t\t\t<\/div>\n\t\t\t\n\t\t\t<div class=\"liner-continer\">\n\t\t\t\t<h2 class=\"woodmart-title-container title wd-fontsize-l\">Conception pour la fabrication (DFM)<\/h2> \n\t\t\t\t\t\t\t<\/div>\n\n\t\t\t\t\t\t\t<div class=\"title-after_title set-cont-mb-s reset-last-child wd-fontsize-xs\">\n\t\t\t\t\t<p>Les clients s'adressent rarement \u00e0 nous avec une pi\u00e8ce ou une conception de produit totalement pr\u00eate \u00e0 \u00eatre fabriqu\u00e9e et mise en production. Chez HBSFW, notre \u00e9quipe d'ing\u00e9nieurs et de techniciens examine intensivement les nouvelles conceptions des clients et fournit un retour d'information et une analyse DFM d\u00e9taill\u00e9s afin de fournir les meilleurs services de fabrication en sous-traitance en Chine.<\/p>\t\t\t\t<\/div>\n\t\t\t\t\t<\/div>\n\t\t\t\t<\/div>\n\t\t\t\t<\/div>\n\t\t\t\t\t<\/div>\n\t\t<\/div>\n\t\t\t\t\t\t\t<\/div>\n\t\t<\/section>\n\t\t\t\t<section class=\"wd-negative-gap elementor-section elementor-top-section elementor-element elementor-element-0837881 elementor-section-boxed elementor-section-height-default elementor-section-height-default wd-section-disabled\" data-id=\"0837881\" data-element_type=\"section\">\n\t\t\t\t\t\t<div class=\"elementor-container elementor-column-gap-default\">\n\t\t\t\t\t<div class=\"elementor-column elementor-col-100 elementor-top-column elementor-element elementor-element-17a8992\" data-id=\"17a8992\" data-element_type=\"column\" data-settings=\"{&quot;background_background&quot;:&quot;classic&quot;}\">\n\t\t\t<div class=\"elementor-widget-wrap elementor-element-populated\">\n\t\t\t\t\t\t\t\t<div class=\"elementor-element elementor-element-0718dc6 elementor-view-default elementor-widget elementor-widget-icon\" data-id=\"0718dc6\" data-element_type=\"widget\" data-widget_type=\"icon.default\">\n\t\t\t\t<div class=\"elementor-widget-container\">\n\t\t\t\t\t<div class=\"elementor-icon-wrapper\">\n\t\t\t<div class=\"elementor-icon\">\n\t\t\t<svg xmlns=\"http:\/\/www.w3.org\/2000\/svg\" xmlns:xlink=\"http:\/\/www.w3.org\/1999\/xlink\" width=\"63px\" height=\"51px\" viewbox=\"0 0 63 51\"><title>DFM-icon@1x<\/title><g id=\"Welcome\" stroke=\"none\" stroke-width=\"1\" fill=\"none\" fill-rule=\"evenodd\"><g id=\"Design-for-Manufacturability-(DFM)\" transform=\"translate(-689.000000, -559.000000)\" fill=\"#FFFFFF\" fill-rule=\"nonzero\"><g id=\"Group-2\" transform=\"translate(82.000000, 495.000000)\"><path d=\"M638.298754,89.2597722 C639.089729,89.2597722 639.8808,88.9570767 640.486286,88.3515903 L649.900269,78.9376074 C651.101419,77.7266347 651.101419,75.7735143 649.890542,74.5625416 L640.486286,65.1582862 C639.8808,64.5527998 639.089729,64.2501043 638.298754,64.2501043 C637.507778,64.2501043 636.716707,64.5527998 636.111221,65.1582862 L626.697238,74.5723644 C625.496088,75.7735143 625.496088,77.7363621 626.697238,78.9376074 L636.111221,88.3515903 C636.716707,88.9570767 637.507778,89.2597722 638.298754,89.2597722 Z M638.298754,86.1641527 L628.884675,76.7500745 L638.289026,67.3359963 L647.703009,76.7500745 L638.298754,86.1641527 Z M643.718662,114.249985 C644.148387,114.249985 644.499911,113.898462 644.499911,113.468737 L644.499911,101.750015 C644.499911,99.7383391 645.163952,97.7363907 646.404203,96.0859659 L650.544856,90.3828164 C651.062414,89.6699465 652.038974,89.5332853 652.732294,90.0410203 C653.493992,90.5879512 653.54282,91.5840617 653.07409,92.2188258 L650.085854,96.3398334 C650.066304,96.3692065 650.046753,96.3886614 650.037026,96.4180345 C647.488147,100.294902 653.347508,104.884735 656.951053,100.558592 L663.259593,92.9902511 L663.259593,78.3711262 C663.259593,76.1934161 666.384586,76.252067 666.384586,78.3028433 L666.384586,94.9433714 C666.384586,95.2949903 666.267475,95.6465138 666.04279,95.9199316 L655.593596,108.97656 C654.665864,110.138705 654.079928,111.828135 653.923716,113.390631 C653.874888,113.859361 654.236235,114.240258 654.704964,114.240258 L656.267461,114.240258 C656.658085,114.240258 656.999881,113.957017 657.048709,113.566393 C657.165915,112.628933 657.497888,111.593722 658.034996,110.929681 L668.48419,97.8730519 C669.148327,97.0429758 669.509578,96.0078602 669.509578,94.9433714 L669.499851,78.3125708 C669.499851,75.6954086 667.361146,73.5859814 664.734256,73.625082 C662.1952,73.6641825 660.124873,75.9395486 660.124873,78.4786051 L660.124873,91.8672069 L654.0702,99.0253739 C653.376881,99.8457226 652.107352,98.8594349 652.742117,97.9805308 L655.535041,94.142573 C656.843669,92.3359367 656.814296,89.7871528 655.2909,88.1562782 C652.800672,85.4805606 649.372984,86.6621602 648.015527,88.5371749 L643.874874,94.240229 C642.253822,96.4082117 641.374918,99.0449242 641.374918,101.750015 L641.374918,113.468737 C641.374918,113.898462 641.726442,114.249985 642.156166,114.249985 L643.718662,114.249985 Z M634.353412,114.259713 C634.783137,114.259713 635.13466,113.908189 635.13466,113.478464 L635.13466,101.759742 C635.13466,99.054747 634.255756,96.427762 632.634705,94.2597793 L628.484324,88.5469023 C627.11714,86.6718877 623.689451,85.4805606 621.20895,88.1661011 C619.685555,89.8067031 619.656182,92.3457595 620.96481,94.1523958 L623.757734,97.9902582 C624.392499,98.8594349 623.12297,99.85545 622.429651,99.0351967 L616.374978,91.8770297 L616.374978,78.4883325 C616.374978,75.9492761 614.304651,73.67391 611.765595,73.6348094 C609.138705,73.5859814 607,75.6954086 607,78.3125708 L607,94.9531943 C607,96.0175876 607.361346,97.0527986 608.025388,97.8828748 L618.474582,110.939408 C619.001963,111.603545 619.343759,112.648388 619.46087,113.57612 C619.509698,113.966745 619.851494,114.249985 620.242118,114.249985 L621.804614,114.249985 C622.273439,114.249985 622.63469,113.869088 622.585862,113.400359 C622.429651,111.837862 621.853442,110.148432 620.915982,108.986288 L610.466789,95.9297544 C610.242199,95.6562413 610.124993,95.3047178 610.124993,94.9531943 L610.124993,78.3125708 C610.124993,76.2617944 613.249985,76.203239 613.249985,78.3809491 L613.249985,93.0000739 L619.558526,100.568415 C623.162071,104.884735 629.011704,100.304725 626.472648,96.427762 C626.453098,96.3984842 626.433547,96.378934 626.42382,96.3496562 L623.435489,92.2285532 C622.976486,91.5937891 623.025314,90.5976787 623.777285,90.0508431 C624.460877,89.5527402 625.44726,89.6797693 625.964818,90.3926392 L630.105376,96.0956934 C631.345626,97.7461182 632.009668,99.7480665 632.009668,101.759742 L632.009668,113.478464 C632.009668,113.908189 632.361287,114.259713 632.790916,114.259713 L634.353412,114.259713 Z\" id=\"DFM-icon\"><\/path><\/g><\/g><\/g><\/svg>\t\t\t<\/div>\n\t\t<\/div>\n\t\t\t\t<\/div>\n\t\t\t\t<\/div>\n\t\t\t\t<div class=\"elementor-element elementor-element-53eac69 elementor-widget elementor-widget-heading\" data-id=\"53eac69\" data-element_type=\"widget\" data-widget_type=\"heading.default\">\n\t\t\t\t<div class=\"elementor-widget-container\">\n\t\t\t<style>\/*! elementor - v3.16.0 - 20-09-2023 *\/\n.elementor-heading-title{padding:0;margin:0;line-height:1}.elementor-widget-heading .elementor-heading-title[class*=elementor-size-]>a{color:inherit;font-size:inherit;line-height:inherit}.elementor-widget-heading .elementor-heading-title.elementor-size-small{font-size:15px}.elementor-widget-heading .elementor-heading-title.elementor-size-medium{font-size:19px}.elementor-widget-heading .elementor-heading-title.elementor-size-large{font-size:29px}.elementor-widget-heading .elementor-heading-title.elementor-size-xl{font-size:39px}.elementor-widget-heading .elementor-heading-title.elementor-size-xxl{font-size:59px}<\/style><h2 class=\"elementor-heading-title elementor-size-default\">En nous impliquant d\u00e8s le d\u00e9but du processus de conception du produit, nous pouvons aider les clients et leur \u00e9quipe de conception \u00e0 am\u00e9liorer les performances et la fiabilit\u00e9 du produit, tout en contr\u00f4lant les co\u00fbts.<\/h2>\t\t<\/div>\n\t\t\t\t<\/div>\n\t\t\t\t\t<\/div>\n\t\t<\/div>\n\t\t\t\t\t\t\t<\/div>\n\t\t<\/section>\n\t\t\t\t<section class=\"wd-negative-gap elementor-section elementor-top-section elementor-element elementor-element-372ab75 elementor-section-boxed elementor-section-height-default elementor-section-height-default wd-section-disabled\" data-id=\"372ab75\" data-element_type=\"section\">\n\t\t\t\t\t\t<div class=\"elementor-container elementor-column-gap-default\">\n\t\t\t\t\t<div class=\"elementor-column elementor-col-100 elementor-top-column elementor-element elementor-element-3eb8e01\" data-id=\"3eb8e01\" data-element_type=\"column\">\n\t\t\t<div class=\"elementor-widget-wrap elementor-element-populated\">\n\t\t\t\t\t\t\t\t<div class=\"elementor-element elementor-element-c8cee38 elementor-position-left elementor-vertical-align-middle elementor-widget elementor-widget-image-box\" data-id=\"c8cee38\" data-element_type=\"widget\" data-widget_type=\"image-box.default\">\n\t\t\t\t<div class=\"elementor-widget-container\">\n\t\t\t<style>\/*! elementor - v3.16.0 - 20-09-2023 *\/\n.elementor-widget-image-box .elementor-image-box-content{width:100%}@media (min-width:768px){.elementor-widget-image-box.elementor-position-left .elementor-image-box-wrapper,.elementor-widget-image-box.elementor-position-right .elementor-image-box-wrapper{display:flex}.elementor-widget-image-box.elementor-position-right .elementor-image-box-wrapper{text-align:right;flex-direction:row-reverse}.elementor-widget-image-box.elementor-position-left .elementor-image-box-wrapper{text-align:left;flex-direction:row}.elementor-widget-image-box.elementor-position-top .elementor-image-box-img{margin:auto}.elementor-widget-image-box.elementor-vertical-align-top .elementor-image-box-wrapper{align-items:flex-start}.elementor-widget-image-box.elementor-vertical-align-middle .elementor-image-box-wrapper{align-items:center}.elementor-widget-image-box.elementor-vertical-align-bottom .elementor-image-box-wrapper{align-items:flex-end}}@media (max-width:767px){.elementor-widget-image-box .elementor-image-box-img{margin-left:auto!important;margin-right:auto!important;margin-bottom:15px}}.elementor-widget-image-box .elementor-image-box-img{display:inline-block}.elementor-widget-image-box .elementor-image-box-title a{color:inherit}.elementor-widget-image-box .elementor-image-box-wrapper{text-align:center}.elementor-widget-image-box .elementor-image-box-description{margin:0}<\/style><div class=\"elementor-image-box-wrapper\"><figure class=\"elementor-image-box-img\"><img decoding=\"async\" loading=\"lazy\" width=\"64\" height=\"63\" src=\"https:\/\/hbsfwmetalworking.com\/wp-content\/uploads\/2023\/11\/designforcost-icon.png\" class=\"attachment-full size-full wp-image-19156\" alt=\"\" \/><\/figure><div class=\"elementor-image-box-content\"><h3 class=\"elementor-image-box-title\">Conception pour la r\u00e9duction des co\u00fbts<\/h3><\/div><\/div>\t\t<\/div>\n\t\t\t\t<\/div>\n\t\t\t\t<div class=\"elementor-element elementor-element-3aaa3da color-scheme-inherit text-left elementor-widget elementor-widget-text-editor\" data-id=\"3aaa3da\" data-element_type=\"widget\" data-widget_type=\"text-editor.default\">\n\t\t\t\t<div class=\"elementor-widget-container\">\n\t\t\t<style>\/*! elementor - v3.16.0 - 20-09-2023 *\/\n.elementor-widget-text-editor.elementor-drop-cap-view-stacked .elementor-drop-cap{background-color:#69727d;color:#fff}.elementor-widget-text-editor.elementor-drop-cap-view-framed .elementor-drop-cap{color:#69727d;border:3px solid;background-color:transparent}.elementor-widget-text-editor:not(.elementor-drop-cap-view-default) .elementor-drop-cap{margin-top:8px}.elementor-widget-text-editor:not(.elementor-drop-cap-view-default) .elementor-drop-cap-letter{width:1em;height:1em}.elementor-widget-text-editor .elementor-drop-cap{float:left;text-align:center;line-height:1;font-size:50px}.elementor-widget-text-editor .elementor-drop-cap-letter{display:inline-block}<\/style>\t\t\t\t<p>La r\u00e9duction des co\u00fbts des produits par le biais de la conception exige une grande compr\u00e9hension des facteurs et des processus qui sous-tendent le produit. Gr\u00e2ce \u00e0 ses capacit\u00e9s de production internes \u00e9tendues, HBSFW sait ce qui permet de r\u00e9duire les co\u00fbts au niveau des composants et de l'assemblage. HBSFW aide ses clients \u00e0 am\u00e9liorer la qualit\u00e9 et \u00e0 r\u00e9duire les co\u00fbts.<\/p>\t\t\t\t\t\t<\/div>\n\t\t\t\t<\/div>\n\t\t\t\t<div class=\"elementor-element elementor-element-0778b1b elementor-position-left elementor-vertical-align-middle elementor-widget elementor-widget-image-box\" data-id=\"0778b1b\" data-element_type=\"widget\" data-widget_type=\"image-box.default\">\n\t\t\t\t<div class=\"elementor-widget-container\">\n\t\t\t<div class=\"elementor-image-box-wrapper\"><figure class=\"elementor-image-box-img\"><img decoding=\"async\" loading=\"lazy\" width=\"50\" height=\"50\" src=\"https:\/\/hbsfwmetalworking.com\/wp-content\/uploads\/2023\/11\/errorproofing-icon-1x.svg\" class=\"attachment-full size-full wp-image-19158\" alt=\"\" \/><\/figure><div class=\"elementor-image-box-content\"><h3 class=\"elementor-image-box-title\">V\u00e9rification des erreurs<\/h3><\/div><\/div>\t\t<\/div>\n\t\t\t\t<\/div>\n\t\t\t\t<div class=\"elementor-element elementor-element-b253c91 color-scheme-inherit text-left elementor-widget elementor-widget-text-editor\" data-id=\"b253c91\" data-element_type=\"widget\" data-widget_type=\"text-editor.default\">\n\t\t\t\t<div class=\"elementor-widget-container\">\n\t\t\t\t\t\t\t<p>HBSFW dispose d'une \u00e9quipe professionnelle d'inspection et de conception, qui con\u00e7oit et teste l'inspection et l'outillage, afin de minimiser les erreurs potentielles dans le processus de fabrication et de fabriquer des produits qui r\u00e9pondent \u00e0 vos exigences.<\/p>\t\t\t\t\t\t<\/div>\n\t\t\t\t<\/div>\n\t\t\t\t<div class=\"elementor-element elementor-element-f41f5c8 elementor-position-left elementor-vertical-align-middle elementor-widget elementor-widget-image-box\" data-id=\"f41f5c8\" data-element_type=\"widget\" data-widget_type=\"image-box.default\">\n\t\t\t\t<div class=\"elementor-widget-container\">\n\t\t\t<div class=\"elementor-image-box-wrapper\"><figure class=\"elementor-image-box-img\"><img decoding=\"async\" loading=\"lazy\" width=\"68\" height=\"47\" src=\"https:\/\/hbsfwmetalworking.com\/wp-content\/uploads\/2023\/11\/productlocalization-icon.png\" class=\"attachment-full size-full wp-image-19159\" alt=\"\" \/><\/figure><div class=\"elementor-image-box-content\"><h3 class=\"elementor-image-box-title\">Conception de produits Localisation<\/h3><\/div><\/div>\t\t<\/div>\n\t\t\t\t<\/div>\n\t\t\t\t<div class=\"elementor-element elementor-element-b36b19e color-scheme-inherit text-left elementor-widget elementor-widget-text-editor\" data-id=\"b36b19e\" data-element_type=\"widget\" data-widget_type=\"text-editor.default\">\n\t\t\t\t<div class=\"elementor-widget-container\">\n\t\t\t\t\t\t\t<p>Travailler avec le client pour s'assurer que la conception du client est mise \u00e0 jour pour s'adapter au mieux \u00e0 la production en Chine, en sugg\u00e9rant des pi\u00e8ces et des fournisseurs disponibles localement, des mat\u00e9riaux alternatifs ou d'autres ajustements pour garantir le meilleur d\u00e9lai et un prix comp\u00e9titif.<\/p>\t\t\t\t\t\t<\/div>\n\t\t\t\t<\/div>\n\t\t\t\t<div class=\"elementor-element elementor-element-83be642 elementor-position-left elementor-vertical-align-middle elementor-widget elementor-widget-image-box\" data-id=\"83be642\" data-element_type=\"widget\" data-widget_type=\"image-box.default\">\n\t\t\t\t<div class=\"elementor-widget-container\">\n\t\t\t<div class=\"elementor-image-box-wrapper\"><figure class=\"elementor-image-box-img\"><img decoding=\"async\" loading=\"lazy\" width=\"63\" height=\"50\" src=\"https:\/\/hbsfwmetalworking.com\/wp-content\/uploads\/2023\/11\/productreliability-icon.png\" class=\"attachment-full size-full wp-image-19160\" alt=\"\" \/><\/figure><div class=\"elementor-image-box-content\"><h3 class=\"elementor-image-box-title\">Fiabilit\u00e9 du produit<\/h3><\/div><\/div>\t\t<\/div>\n\t\t\t\t<\/div>\n\t\t\t\t<div class=\"elementor-element elementor-element-350b090 color-scheme-inherit text-left elementor-widget elementor-widget-text-editor\" data-id=\"350b090\" data-element_type=\"widget\" data-widget_type=\"text-editor.default\">\n\t\t\t\t<div class=\"elementor-widget-container\">\n\t\t\t\t\t\t\t<p>HBSFW testera tous les produits avec lesquels elle coop\u00e8re, et des professionnels mettront en place une \u00e9quipe de test pour s'assurer que les produits non qualifi\u00e9s ne quittent pas la porte de l'entreprise, afin de garantir que les produits re\u00e7us par les clients sont des produits de haute qualit\u00e9 et de r\u00e9duire les risques pour les clients.<\/p>\t\t\t\t\t\t<\/div>\n\t\t\t\t<\/div>\n\t\t\t\t\t<\/div>\n\t\t<\/div>\n\t\t\t\t\t\t\t<\/div>\n\t\t<\/section>\n\t\t\t\t<section class=\"wd-negative-gap elementor-section elementor-top-section elementor-element elementor-element-63995e6 elementor-section-boxed elementor-section-height-default elementor-section-height-default wd-section-disabled\" data-id=\"63995e6\" data-element_type=\"section\">\n\t\t\t\t\t\t<div class=\"elementor-container elementor-column-gap-default\">\n\t\t\t\t\t<div class=\"elementor-column elementor-col-100 elementor-top-column elementor-element elementor-element-47dd5e8\" data-id=\"47dd5e8\" data-element_type=\"column\">\n\t\t\t<div class=\"elementor-widget-wrap elementor-element-populated\">\n\t\t\t\t\t\t\t\t<div class=\"elementor-element elementor-element-ceee2b2 elementor-widget elementor-widget-image\" data-id=\"ceee2b2\" data-element_type=\"widget\" data-widget_type=\"image.default\">\n\t\t\t\t<div class=\"elementor-widget-container\">\n\t\t\t<style>\/*! elementor - v3.16.0 - 20-09-2023 *\/\n.elementor-widget-image{text-align:center}.elementor-widget-image a{display:inline-block}.elementor-widget-image a img[src$=\".svg\"]{width:48px}.elementor-widget-image img{vertical-align:middle;display:inline-block}<\/style>\t\t\t\t\t\t\t\t\t\t\t\t<img decoding=\"async\" loading=\"lazy\" width=\"800\" height=\"600\" src=\"https:\/\/hbsfwmetalworking.com\/wp-content\/uploads\/2023\/11\/product-flow-diagram.jpg\" class=\"attachment-large size-large wp-image-20078\" alt=\"\" srcset=\"https:\/\/hbsfwmetalworking.com\/wp-content\/uploads\/2023\/11\/product-flow-diagram.jpg 800w, https:\/\/hbsfwmetalworking.com\/wp-content\/uploads\/2023\/11\/product-flow-diagram-300x225.jpg 300w, https:\/\/hbsfwmetalworking.com\/wp-content\/uploads\/2023\/11\/product-flow-diagram-768x576.jpg 768w, https:\/\/hbsfwmetalworking.com\/wp-content\/uploads\/2023\/11\/product-flow-diagram-600x450.jpg 600w, https:\/\/hbsfwmetalworking.com\/wp-content\/uploads\/2023\/11\/product-flow-diagram-150x113.jpg 150w\" sizes=\"(max-width: 800px) 100vw, 800px\" \/>\t\t\t\t\t\t\t\t\t\t\t\t\t\t\t<\/div>\n\t\t\t\t<\/div>\n\t\t\t\t\t<\/div>\n\t\t<\/div>\n\t\t\t\t\t\t\t<\/div>\n\t\t<\/section>\n\t\t\t\t<section class=\"elementor-section elementor-top-section elementor-element elementor-element-fc83ea5 elementor-section-full_width wd-section-stretch-content elementor-section-height-min-height elementor-section-items-stretch elementor-section-height-default\" data-id=\"fc83ea5\" data-element_type=\"section\">\n\t\t\t\t\t\t<div class=\"elementor-container elementor-column-gap-no\">\n\t\t\t\t\t<div class=\"elementor-column elementor-col-50 elementor-top-column elementor-element elementor-element-e9d4c66\" data-id=\"e9d4c66\" data-element_type=\"column\" data-settings=\"{&quot;background_background&quot;:&quot;classic&quot;}\">\n\t\t\t<div class=\"elementor-widget-wrap\">\n\t\t\t\t\t\t\t\t\t<\/div>\n\t\t<\/div>\n\t\t\t\t<div class=\"elementor-column elementor-col-50 elementor-top-column elementor-element elementor-element-67daaae\" data-id=\"67daaae\" data-element_type=\"column\" data-settings=\"{&quot;background_background&quot;:&quot;classic&quot;}\">\n\t\t\t<div class=\"elementor-widget-wrap\">\n\t\t\t\t\t\t\t\t\t<\/div>\n\t\t<\/div>\n\t\t\t\t\t\t\t<\/div>\n\t\t<\/section>\n\t\t\t\t<section class=\"elementor-section elementor-top-section elementor-element elementor-element-53fe52e elementor-section-full_width wd-section-stretch elementor-section-height-default elementor-section-height-default\" data-id=\"53fe52e\" data-element_type=\"section\" data-settings=\"{&quot;background_background&quot;:&quot;classic&quot;}\">\n\t\t\t\t\t\t<div class=\"elementor-container elementor-column-gap-default\">\n\t\t\t\t\t<div class=\"elementor-column elementor-col-100 elementor-top-column elementor-element elementor-element-e34e529\" data-id=\"e34e529\" data-element_type=\"column\">\n\t\t\t<div class=\"elementor-widget-wrap elementor-element-populated\">\n\t\t\t\t\t\t\t\t<div class=\"elementor-element elementor-element-f378588 color-scheme-inherit text-left elementor-widget elementor-widget-text-editor\" data-id=\"f378588\" data-element_type=\"widget\" data-widget_type=\"text-editor.default\">\n\t\t\t\t<div class=\"elementor-widget-container\">\n\t\t\t\t\t\t\t<p>Afin d'offrir \u00e0 nos clients une meilleure exp\u00e9rience, nos ing\u00e9nieurs doivent r\u00e9soudre votre probl\u00e8me le plus rapidement possible. N'h\u00e9sitez pas \u00e0 nous contacter.<\/p>\t\t\t\t\t\t<\/div>\n\t\t\t\t<\/div>\n\t\t\t\t<div class=\"elementor-element elementor-element-c4565da elementor-widget elementor-widget-wd_button\" data-id=\"c4565da\" data-element_type=\"widget\" data-widget_type=\"wd_button.default\">\n\t\t\t\t<div class=\"elementor-widget-container\">\n\t\t\t\t\t<div class=\"wd-button-wrapper text-center\" >\n\t\t\t<a class=\"btn btn-style-default btn-style-rectangle btn-size-default btn-color-primary btn-icon-pos-right\"  href=\"https:\/\/hbsfwmetalworking.com\/fr\/factory-and-machinery\/\">\n\t\t\t\t<span class=\"wd-btn-text\" data-elementor-setting-key=\"text\">\n\t\t\t\t\tnotre usine et nos machines\t\t\t\t<\/span>\n\n\t\t\t\t\t\t\t<\/a>\n\t\t<\/div>\n\t\t\t\t<\/div>\n\t\t\t\t<\/div>\n\t\t\t\t\t<\/div>\n\t\t<\/div>\n\t\t\t\t\t\t\t<\/div>\n\t\t<\/section>\n\t\t\t\t\t\t\t<\/div>","protected":false},"excerpt":{"rendered":"<p>CAPABILITIES Design for Manufacturability (DFM) Customers rarely come to us with a part or product design that is completely ready<\/p>","protected":false},"author":1,"featured_media":0,"parent":0,"menu_order":0,"comment_status":"closed","ping_status":"closed","template":"","meta":{"footnotes":""},"_links":{"self":[{"href":"https:\/\/hbsfwmetalworking.com\/fr\/wp-json\/wp\/v2\/pages\/19150"}],"collection":[{"href":"https:\/\/hbsfwmetalworking.com\/fr\/wp-json\/wp\/v2\/pages"}],"about":[{"href":"https:\/\/hbsfwmetalworking.com\/fr\/wp-json\/wp\/v2\/types\/page"}],"author":[{"embeddable":true,"href":"https:\/\/hbsfwmetalworking.com\/fr\/wp-json\/wp\/v2\/users\/1"}],"replies":[{"embeddable":true,"href":"https:\/\/hbsfwmetalworking.com\/fr\/wp-json\/wp\/v2\/comments?post=19150"}],"version-history":[{"count":40,"href":"https:\/\/hbsfwmetalworking.com\/fr\/wp-json\/wp\/v2\/pages\/19150\/revisions"}],"predecessor-version":[{"id":20081,"href":"https:\/\/hbsfwmetalworking.com\/fr\/wp-json\/wp\/v2\/pages\/19150\/revisions\/20081"}],"wp:attachment":[{"href":"https:\/\/hbsfwmetalworking.com\/fr\/wp-json\/wp\/v2\/media?parent=19150"}],"curies":[{"name":"wp","href":"https:\/\/api.w.org\/{rel}","templated":true}]}}