{"id":19470,"date":"2023-11-10T13:32:11","date_gmt":"2023-11-10T05:32:11","guid":{"rendered":"http:\/\/ceshi.dtcstart.com\/industry-copy"},"modified":"2023-11-27T15:40:32","modified_gmt":"2023-11-27T07:40:32","slug":"sheet-metal-materials","status":"publish","type":"page","link":"https:\/\/hbsfwmetalworking.com\/fr\/sheet-metal-materials","title":{"rendered":"Mat\u00e9riaux de t\u00f4lerie"},"content":{"rendered":"<div data-elementor-type=\"wp-page\" data-elementor-id=\"19470\" class=\"elementor elementor-19470\" data-elementor-post-type=\"page\">\n\t\t\t\t\t\t\t\t\t<section class=\"elementor-section elementor-top-section elementor-element elementor-element-ecb8094 elementor-section-full_width wd-section-stretch elementor-section-height-default elementor-section-height-default\" data-id=\"ecb8094\" data-element_type=\"section\" data-settings=\"{&quot;background_background&quot;:&quot;classic&quot;}\">\n\t\t\t\t\t\t<div class=\"elementor-container elementor-column-gap-default\">\n\t\t\t\t\t<div class=\"elementor-column elementor-col-100 elementor-top-column elementor-element elementor-element-a245fbd\" data-id=\"a245fbd\" data-element_type=\"column\">\n\t\t\t<div class=\"elementor-widget-wrap elementor-element-populated\">\n\t\t\t\t\t\t\t\t<div class=\"elementor-element elementor-element-29db6ec elementor-widget elementor-widget-wd_title\" data-id=\"29db6ec\" data-element_type=\"widget\" data-widget_type=\"wd_title.default\">\n\t\t\t\t<div class=\"elementor-widget-container\">\n\t\t\t\t\t<div class=\"title-wrapper set-mb-s reset-last-child wd-title-color-default wd-title-style-default wd-title-size-default text-left\">\n\n\t\t\t\t\t\t\t<div class=\"title-subtitle subtitle-color-default subtitle-style-default wd-fontsize-xs\">\n\t\t\t\t\tRESSOURCES\t\t\t\t<\/div>\n\t\t\t\n\t\t\t<div class=\"liner-continer\">\n\t\t\t\t<h2 class=\"woodmart-title-container title wd-fontsize-l\">Mat\u00e9riaux de t\u00f4lerie - Fabrication de t\u00f4les en Chine<\/h2> \n\t\t\t\t\t\t\t<\/div>\n\n\t\t\t\t\t\t\t<div class=\"title-after_title set-cont-mb-s reset-last-child wd-fontsize-xs\">\n\t\t\t\t\t<p>La s\u00e9lection des mat\u00e9riaux de t\u00f4lerie est cruciale pour la conception et la fonctionnalit\u00e9 de la t\u00f4le. Fort d'une longue exp\u00e9rience dans la fabrication de\u00a0<strong>pi\u00e8ces de t\u00f4lerie en Chine<\/strong>HBSFW peut recommander des mat\u00e9riaux disponibles localement et internationalement pour obtenir la meilleure combinaison de performances fonctionnelles et de co\u00fbts.<\/p><p>Voici quelques-uns des mat\u00e9riaux de t\u00f4lerie les plus courants que nous stockons et utilisons r\u00e9guli\u00e8rement pour nos clients, ainsi que leurs propri\u00e9t\u00e9s physiques et fonctionnelles.<\/p>\t\t\t\t<\/div>\n\t\t\t\t\t<\/div>\n\t\t\t\t<\/div>\n\t\t\t\t<\/div>\n\t\t\t\t\t<\/div>\n\t\t<\/div>\n\t\t\t\t\t\t\t<\/div>\n\t\t<\/section>\n\t\t\t\t<section class=\"wd-negative-gap elementor-section elementor-top-section elementor-element elementor-element-e90a855 elementor-section-boxed elementor-section-height-default elementor-section-height-default wd-section-disabled\" data-id=\"e90a855\" data-element_type=\"section\">\n\t\t\t\t\t\t<div class=\"elementor-container elementor-column-gap-default\">\n\t\t\t\t\t<div class=\"elementor-column elementor-col-100 elementor-top-column elementor-element elementor-element-bd26591\" data-id=\"bd26591\" data-element_type=\"column\">\n\t\t\t<div class=\"elementor-widget-wrap elementor-element-populated\">\n\t\t\t\t\t\t\t\t<div class=\"elementor-element elementor-element-caf3db3 color-scheme-inherit text-left elementor-widget elementor-widget-text-editor\" data-id=\"caf3db3\" data-element_type=\"widget\" data-widget_type=\"text-editor.default\">\n\t\t\t\t<div class=\"elementor-widget-container\">\n\t\t\t<style>\/*! elementor - v3.16.0 - 20-09-2023 *\/\n.elementor-widget-text-editor.elementor-drop-cap-view-stacked .elementor-drop-cap{background-color:#69727d;color:#fff}.elementor-widget-text-editor.elementor-drop-cap-view-framed .elementor-drop-cap{color:#69727d;border:3px solid;background-color:transparent}.elementor-widget-text-editor:not(.elementor-drop-cap-view-default) .elementor-drop-cap{margin-top:8px}.elementor-widget-text-editor:not(.elementor-drop-cap-view-default) .elementor-drop-cap-letter{width:1em;height:1em}.elementor-widget-text-editor .elementor-drop-cap{float:left;text-align:center;line-height:1;font-size:50px}.elementor-widget-text-editor .elementor-drop-cap-letter{display:inline-block}<\/style>\t\t\t\t<p>Facteurs \u00e0 prendre en compte lors du choix d'un mat\u00e9riau de t\u00f4lerie pour la fabrication<\/p>\t\t\t\t\t\t<\/div>\n\t\t\t\t<\/div>\n\t\t\t\t\t<\/div>\n\t\t<\/div>\n\t\t\t\t\t\t\t<\/div>\n\t\t<\/section>\n\t\t\t\t<section class=\"wd-negative-gap elementor-section elementor-top-section elementor-element elementor-element-bd096bd elementor-section-boxed elementor-section-height-default elementor-section-height-default wd-section-disabled\" data-id=\"bd096bd\" data-element_type=\"section\">\n\t\t\t\t\t\t<div class=\"elementor-container elementor-column-gap-default\">\n\t\t\t\t\t<div class=\"elementor-column elementor-col-100 elementor-top-column elementor-element elementor-element-100673d\" data-id=\"100673d\" data-element_type=\"column\">\n\t\t\t<div class=\"elementor-widget-wrap elementor-element-populated\">\n\t\t\t\t\t\t\t\t<div class=\"elementor-element elementor-element-254c760 elementor-widget elementor-widget-image\" data-id=\"254c760\" data-element_type=\"widget\" data-widget_type=\"image.default\">\n\t\t\t\t<div class=\"elementor-widget-container\">\n\t\t\t<style>\/*! elementor - v3.16.0 - 20-09-2023 *\/\n.elementor-widget-image{text-align:center}.elementor-widget-image a{display:inline-block}.elementor-widget-image a img[src$=\".svg\"]{width:48px}.elementor-widget-image img{vertical-align:middle;display:inline-block}<\/style>\t\t\t\t\t\t\t\t\t\t\t\t<img decoding=\"async\" loading=\"lazy\" width=\"1024\" height=\"777\" src=\"https:\/\/hbsfwmetalworking.com\/wp-content\/uploads\/2023\/11\/123-1024x777.png\" class=\"attachment-large size-large wp-image-19475\" alt=\"\" srcset=\"https:\/\/hbsfwmetalworking.com\/wp-content\/uploads\/2023\/11\/123-1024x777.png 1024w, https:\/\/hbsfwmetalworking.com\/wp-content\/uploads\/2023\/11\/123-300x228.png 300w, https:\/\/hbsfwmetalworking.com\/wp-content\/uploads\/2023\/11\/123-768x582.png 768w, https:\/\/hbsfwmetalworking.com\/wp-content\/uploads\/2023\/11\/123-1536x1165.png 1536w, https:\/\/hbsfwmetalworking.com\/wp-content\/uploads\/2023\/11\/123-600x455.png 600w, https:\/\/hbsfwmetalworking.com\/wp-content\/uploads\/2023\/11\/123-150x114.png 150w, https:\/\/hbsfwmetalworking.com\/wp-content\/uploads\/2023\/11\/123.png 1668w\" sizes=\"(max-width: 1024px) 100vw, 1024px\" \/>\t\t\t\t\t\t\t\t\t\t\t\t\t\t\t<\/div>\n\t\t\t\t<\/div>\n\t\t\t\t\t<\/div>\n\t\t<\/div>\n\t\t\t\t\t\t\t<\/div>\n\t\t<\/section>\n\t\t\t\t<section class=\"elementor-section elementor-top-section elementor-element elementor-element-2ae40a3 elementor-section-boxed elementor-section-height-default elementor-section-height-default wd-section-disabled\" data-id=\"2ae40a3\" data-element_type=\"section\">\n\t\t\t\t\t\t<div class=\"elementor-container elementor-column-gap-default\">\n\t\t\t\t\t<div class=\"elementor-column elementor-col-50 elementor-top-column elementor-element elementor-element-2c90d04\" data-id=\"2c90d04\" data-element_type=\"column\" data-settings=\"{&quot;background_background&quot;:&quot;classic&quot;}\">\n\t\t\t<div class=\"elementor-widget-wrap elementor-element-populated\">\n\t\t\t\t\t\t\t\t<div class=\"elementor-element elementor-element-3afaae7 color-scheme-inherit text-left elementor-widget elementor-widget-text-editor\" data-id=\"3afaae7\" data-element_type=\"widget\" data-widget_type=\"text-editor.default\">\n\t\t\t\t<div class=\"elementor-widget-container\">\n\t\t\t\t\t\t\t<div class=\"cta__content\"><div class=\"cta__content\"><a href=\"https:\/\/hbsfwmetalworking.com\/fr\/surface-finishing\/\"><strong><span class=\"cta__title\" style=\"font-size: 18pt;\">V\u00e9rifier toutes les informations sur les finitions de surface<\/span><\/strong><\/a><\/div><div class=\"cta__content\"><span class=\"cta__subtitle\" style=\"font-size: 14pt;\">Types, propri\u00e9t\u00e9s, couleurs et plus encore !<\/span><\/div><\/div>\t\t\t\t\t\t<\/div>\n\t\t\t\t<\/div>\n\t\t\t\t\t<\/div>\n\t\t<\/div>\n\t\t\t\t<div class=\"elementor-column elementor-col-50 elementor-top-column elementor-element elementor-element-eed129f\" data-id=\"eed129f\" data-element_type=\"column\">\n\t\t\t<div class=\"elementor-widget-wrap elementor-element-populated\">\n\t\t\t\t\t\t\t\t<div class=\"elementor-element elementor-element-bf0b0ad elementor-view-default elementor-widget elementor-widget-icon\" data-id=\"bf0b0ad\" data-element_type=\"widget\" data-widget_type=\"icon.default\">\n\t\t\t\t<div class=\"elementor-widget-container\">\n\t\t\t\t\t<div class=\"elementor-icon-wrapper\">\n\t\t\t<a class=\"elementor-icon\" href=\"https:\/\/hbsfwmetalworking.com\/fr\/surface-finishing\/\">\n\t\t\t<i aria-hidden=\"true\" class=\"fas fa-arrow-right\"><\/i>\t\t\t<\/a>\n\t\t<\/div>\n\t\t\t\t<\/div>\n\t\t\t\t<\/div>\n\t\t\t\t\t<\/div>\n\t\t<\/div>\n\t\t\t\t\t\t\t<\/div>\n\t\t<\/section>\n\t\t\t\t<section class=\"elementor-section elementor-top-section elementor-element elementor-element-07b85fd elementor-section-full_width wd-section-stretch elementor-section-height-default elementor-section-height-default\" data-id=\"07b85fd\" data-element_type=\"section\" data-settings=\"{&quot;background_background&quot;:&quot;classic&quot;}\">\n\t\t\t\t\t\t<div class=\"elementor-container elementor-column-gap-default\">\n\t\t\t\t\t<div class=\"elementor-column elementor-col-100 elementor-top-column elementor-element elementor-element-74646ba\" data-id=\"74646ba\" data-element_type=\"column\">\n\t\t\t<div class=\"elementor-widget-wrap elementor-element-populated\">\n\t\t\t\t\t\t\t\t<div class=\"elementor-element elementor-element-e6d09d2 color-scheme-inherit text-left elementor-widget elementor-widget-text-editor\" data-id=\"e6d09d2\" data-element_type=\"widget\" data-widget_type=\"text-editor.default\">\n\t\t\t\t<div class=\"elementor-widget-container\">\n\t\t\t\t\t\t\t<p>Afin d'offrir \u00e0 nos clients une meilleure exp\u00e9rience, nos ing\u00e9nieurs doivent r\u00e9soudre votre probl\u00e8me le plus rapidement possible. N'h\u00e9sitez pas \u00e0 nous contacter.<\/p>\t\t\t\t\t\t<\/div>\n\t\t\t\t<\/div>\n\t\t\t\t<div class=\"elementor-element elementor-element-a22aa66 elementor-widget elementor-widget-wd_button\" data-id=\"a22aa66\" data-element_type=\"widget\" data-widget_type=\"wd_button.default\">\n\t\t\t\t<div class=\"elementor-widget-container\">\n\t\t\t\t\t<div class=\"wd-button-wrapper text-center\" >\n\t\t\t<a class=\"btn btn-style-default btn-style-rectangle btn-size-default btn-color-primary btn-icon-pos-right\"  href=\"https:\/\/hbsfwmetalworking.com\/fr\/factory-and-machinery\/\">\n\t\t\t\t<span class=\"wd-btn-text\" data-elementor-setting-key=\"text\">\n\t\t\t\t\tnotre usine et nos machines\t\t\t\t<\/span>\n\n\t\t\t\t\t\t\t<\/a>\n\t\t<\/div>\n\t\t\t\t<\/div>\n\t\t\t\t<\/div>\n\t\t\t\t\t<\/div>\n\t\t<\/div>\n\t\t\t\t\t\t\t<\/div>\n\t\t<\/section>\n\t\t\t\t\t\t\t<\/div>","protected":false},"excerpt":{"rendered":"<p>RESOURCES Sheet Metal Materials &#8211; Sheet Metal Fabrication China Sheet metal material selection is crucial to sheet metal design and<\/p>","protected":false},"author":1,"featured_media":0,"parent":0,"menu_order":0,"comment_status":"closed","ping_status":"closed","template":"","meta":{"footnotes":""},"_links":{"self":[{"href":"https:\/\/hbsfwmetalworking.com\/fr\/wp-json\/wp\/v2\/pages\/19470"}],"collection":[{"href":"https:\/\/hbsfwmetalworking.com\/fr\/wp-json\/wp\/v2\/pages"}],"about":[{"href":"https:\/\/hbsfwmetalworking.com\/fr\/wp-json\/wp\/v2\/types\/page"}],"author":[{"embeddable":true,"href":"https:\/\/hbsfwmetalworking.com\/fr\/wp-json\/wp\/v2\/users\/1"}],"replies":[{"embeddable":true,"href":"https:\/\/hbsfwmetalworking.com\/fr\/wp-json\/wp\/v2\/comments?post=19470"}],"version-history":[{"count":31,"href":"https:\/\/hbsfwmetalworking.com\/fr\/wp-json\/wp\/v2\/pages\/19470\/revisions"}],"predecessor-version":[{"id":20102,"href":"https:\/\/hbsfwmetalworking.com\/fr\/wp-json\/wp\/v2\/pages\/19470\/revisions\/20102"}],"wp:attachment":[{"href":"https:\/\/hbsfwmetalworking.com\/fr\/wp-json\/wp\/v2\/media?parent=19470"}],"curies":[{"name":"wp","href":"https:\/\/api.w.org\/{rel}","templated":true}]}}