{"id":20451,"date":"2024-03-07T15:43:20","date_gmt":"2024-03-07T07:43:20","guid":{"rendered":"http:\/\/hbsfwmetalworking.com\/?post_type=product&#038;p=20451"},"modified":"2024-03-07T15:56:34","modified_gmt":"2024-03-07T07:56:34","slug":"d325","status":"publish","type":"product","link":"https:\/\/hbsfwmetalworking.com\/fr\/produit\/d325","title":{"rendered":"D325"},"content":{"rendered":"<table width=\"2212\">\n<tbody>\n<tr>\n<td rowspan=\"14\" width=\"186\">D325<\/td>\n<td rowspan=\"14\" width=\"218\">04466-33110<\/td>\n<td width=\"718\">\u96f7\u514b\u8428\u65af ES(F1, F2) 1989\/09-1997\/12 \u540e<\/td>\n<td rowspan=\"14\" width=\"210\">0446512031<br \/>\n0446620040<br \/>\n0446620070<br \/>\n0446620080<br \/>\n0446633010<br \/>\n0446633110<br \/>\n0449220010<br \/>\n0449220011<br \/>\n0449220021<br \/>\n0449220030<br \/>\n0449220040<br \/>\n0449220050<br \/>\n0449220051<br \/>\n0449220060<br \/>\n0449220061<br \/>\n0449220100<br \/>\n0449220140<br \/>\n044922015<br \/>\n0449232010<br \/>\n0449232011<br \/>\n0449232020<br \/>\n0449232040<br \/>\n0449232041<br \/>\n0449232061<br \/>\nAY060TY002<\/td>\n<td width=\"880\">Lexus ES (F1, F2) 1989 \/ 09-1997 \/ 12 arri\u00e8re<\/td>\n<\/tr>\n<tr>\n<td width=\"718\">\u4e30\u7530 \u4f73\u7f8e\u56db\u95e8\u8f7f\u8f66(_V2_) 1986\/10-1993\/02 \u540e<\/td>\n<td width=\"880\">Toyota Camry berline quatre portes (_V2_) 1986 \/ 10-1993 \/ 02 arri\u00e8re<\/td>\n<\/tr>\n<tr>\n<td width=\"718\">\u4e30\u7530 \u4f73\u7f8e\u65c5\u884c\u8f66(_V2_) 1986\/11-1993\/02 \u540e<\/td>\n<td width=\"880\">Toyota Camry break (_V2_) 1986 \/ 11-1993 \/ 02 arri\u00e8re<\/td>\n<\/tr>\n<tr>\n<td width=\"718\">\u4e30\u7530 \u5361\u529b\u90a3\u4e8c\u4ee3\u6380\u80cc\/\u4e24\u53a2\u8f66(_T15_) 1983\/10-1988\/05 \u540e<\/td>\n<td width=\"880\">Toyota Kali 2\u00e8me g\u00e9n\u00e9ration bicorps \/ bicorps (_T15_) 1983 \/ 10-1988 \/ 05 arri\u00e8re<\/td>\n<\/tr>\n<tr>\n<td width=\"718\">\u4e30\u7530 \u5361\u529b\u90a3\u4e8c\u4ee3\u6380\u80cc\/\u4e24\u53a2\u8f66(_T17_) 1987\/12-1992\/06 \u540e<\/td>\n<td width=\"880\">Toyota Kali 2\u00e8me g\u00e9n\u00e9ration bicorps \/ bicorps (_T17_) 1987 \/ 12-1992 \/ 06 arri\u00e8re<\/td>\n<\/tr>\n<tr>\n<td width=\"718\">\u4e30\u7530 \u5361\u529b\u90a3\u4e8c\u4ee3\u65c5\u884c\u8f66 1987\/12-1992\/04 \u540e<\/td>\n<td width=\"880\">Toyota Carina 2 g\u00e9n\u00e9ration break 1987 \/ 12-1992 \/ 04 arri\u00e8re<\/td>\n<\/tr>\n<tr>\n<td width=\"718\">\u4e30\u7530 \u5361\u529b\u90a3\u4e8c\u4ee3\u56db\u95e8\u8f7f\u8f66(_T17_) 1987\/12-1992\/06 \u540e<\/td>\n<td width=\"880\">Toyota Carina berline quatre portes de 2 g\u00e9n\u00e9rations (_T17_) 1987 \/ 12-1992 \/ 06 arri\u00e8re<\/td>\n<\/tr>\n<tr>\n<td width=\"718\">\u4e30\u7530 \u8d5b\u5229\u5361\u56db\u95e8\u8f7f\u8f66(ST16_) 1985\/08-1989\/08 \u540e<\/td>\n<td width=\"880\">Toyota Selika berline quatre portes (ST16_) 1985 \/ 08-1989 \/ 08 arri\u00e8re<\/td>\n<\/tr>\n<tr>\n<td width=\"718\">\u4e30\u7530 \u8d5b\u5229\u5361\u655e\u7bf7\u8f66(_T16_) 1985\/08-1989\/08 \u540e<\/td>\n<td width=\"880\">Toyota Celica Convertible (_T16_) 1985 \/ 08-1989 \/ 08 arri\u00e8re<\/td>\n<\/tr>\n<tr>\n<td width=\"718\">\u4e30\u7530 \u8d5b\u5229\u5361\u655e\u7bf7\u8f66(_T18_) 1989\/10-1993\/11 \u540e<\/td>\n<td width=\"880\">Toyota Celica Convertible (_T18_) 1989 \/ 10-1993 \/ 11 arri\u00e8re<\/td>\n<\/tr>\n<tr>\n<td width=\"718\">\u4e30\u7530 \u8d5b\u5229\u5361\u53cc\u95e8\u8dd1\u8f66(T16F) 1985\/09-1989\/08 \u540e<\/td>\n<td width=\"880\">La Toyota Celica coup\u00e9 (T16F) 1985 \/ 09-1989 \/ 08 arri\u00e8re<\/td>\n<\/tr>\n<tr>\n<td width=\"718\">\u4e30\u7530 \u8d5b\u5229\u5361\u53cc\u95e8\u8dd1\u8f66(_T18_) 1989\/09-1994\/12 \u540e<\/td>\n<td width=\"880\">Le coup\u00e9 Toyota Selica (_T18_) 1989 \/ 09-1994 \/ 12 arri\u00e8re<\/td>\n<\/tr>\n<tr>\n<td width=\"718\">\u4e30\u7530 \u8d5b\u5229\u5361\u6380\u80cc\/\u4e24\u53a2\u8f66(T16) 1985\/08-1989\/12 \u540e<\/td>\n<td width=\"880\">Toyota Celica Hatchback \/ hatchback (T16) 1985 \/ 08-1989 \/ 12 arri\u00e8re<\/td>\n<\/tr>\n<tr>\n<td width=\"718\">\u4e30\u7530 \u82b1\u51a0\u6380\u80cc\/\u4e24\u53a2\u8f66(_E11_) 1997\/04-2002\/01 \u540e<\/td>\n<td width=\"880\">Toyota Corolla Hatchback \/ hatchback (_E11_) 1997 \/ 04-2002 \/ 01 arri\u00e8re<\/td>\n<\/tr>\n<\/tbody>\n<\/table>","protected":false},"excerpt":{"rendered":"<p>D325 04466-33110 \u96f7\u514b\u8428\u65af ES(F1, F2) 1989\/09-1997\/12 \u540e 0446512031 0446620040 0446620070 0446620080 0446633010 0446633110 0449220010 0449220011 0449220021 0449220030 0449220040 0449220050 0449220051<\/p>","protected":false},"featured_media":20452,"template":"","meta":[],"product_cat":[99],"product_tag":[],"_links":{"self":[{"href":"https:\/\/hbsfwmetalworking.com\/fr\/wp-json\/wp\/v2\/product\/20451"}],"collection":[{"href":"https:\/\/hbsfwmetalworking.com\/fr\/wp-json\/wp\/v2\/product"}],"about":[{"href":"https:\/\/hbsfwmetalworking.com\/fr\/wp-json\/wp\/v2\/types\/product"}],"wp:featuredmedia":[{"embeddable":true,"href":"https:\/\/hbsfwmetalworking.com\/fr\/wp-json\/wp\/v2\/media\/20452"}],"wp:attachment":[{"href":"https:\/\/hbsfwmetalworking.com\/fr\/wp-json\/wp\/v2\/media?parent=20451"}],"wp:term":[{"taxonomy":"product_cat","embeddable":true,"href":"https:\/\/hbsfwmetalworking.com\/fr\/wp-json\/wp\/v2\/product_cat?post=20451"},{"taxonomy":"product_tag","embeddable":true,"href":"https:\/\/hbsfwmetalworking.com\/fr\/wp-json\/wp\/v2\/product_tag?post=20451"}],"curies":[{"name":"wp","href":"https:\/\/api.w.org\/{rel}","templated":true}]}}