{"id":20461,"date":"2024-03-08T15:23:37","date_gmt":"2024-03-08T07:23:37","guid":{"rendered":"http:\/\/hbsfwmetalworking.com\/?post_type=product&#038;p=20461"},"modified":"2024-03-08T15:23:37","modified_gmt":"2024-03-08T07:23:37","slug":"d341","status":"publish","type":"product","link":"https:\/\/hbsfwmetalworking.com\/fr\/produit\/d341","title":{"rendered":"D341"},"content":{"rendered":"<table width=\"2212\">\n<tbody>\n<tr>\n<td rowspan=\"4\" width=\"186\">D341<\/td>\n<td rowspan=\"4\" width=\"218\">45022-SD4-A10<\/td>\n<td width=\"718\">\u8bb4\u6b4c \u91cc\u7a0b(\u4f20\u5947)\u56db\u95e8\u8f7f\u8f66,\u7b2c\u4e00\u4ee3 1986\/01-1991\/08 \u524d<\/td>\n<td rowspan=\"4\" width=\"210\">45022SA4A11<br \/>\n45022SA4A12<br \/>\n45022SD4000<br \/>\n45022SD4010<br \/>\n45022SD431446<br \/>\n45022SD4A10<br \/>\n45022SD4A11<br \/>\n45022SD4A12<br \/>\n45022SD4E00<br \/>\nGBP90298<\/td>\n<td width=\"880\">Acura Mileage (Legend) berline quatre portes, premi\u00e8re g\u00e9n\u00e9ration 1986 \/ 01-1991 \/ 08 avant<\/td>\n<\/tr>\n<tr>\n<td width=\"718\">\u672c\u7530 \u96c5\u9601\u56db\u95e8\u8f7f\u8f66(CA4,CA5) 1985\/11-1989\/12 \u524d<\/td>\n<td width=\"880\">Honda Accord berline quatre portes (CA4, CA5) 1985 \/ 11-1989 \/ 12 avant<\/td>\n<\/tr>\n<tr>\n<td width=\"718\">\u672c\u7530 \u96c5\u9601\u65c5\u884c\u8f66(CA5) 1985\/11-1989\/12 \u524d<\/td>\n<td width=\"880\">Honda Accord break (CA5) 1985 \/ 11-1989 \/ 12 avant<\/td>\n<\/tr>\n<tr>\n<td width=\"718\">\u7f57\u5b5a 800\u56db\u95e8\u8f7f\u8f66 1986\/10-1999\/02 \u524d<\/td>\n<td width=\"880\">Rover 800 Four-door Sedan 1986 \/ 10-1999 \/ 02 avant<\/td>\n<\/tr>\n<\/tbody>\n<\/table>","protected":false},"excerpt":{"rendered":"<p>D341 45022-SD4-A10 \u8bb4\u6b4c \u91cc\u7a0b(\u4f20\u5947)\u56db\u95e8\u8f7f\u8f66,\u7b2c\u4e00\u4ee3 1986\/01-1991\/08 \u524d 45022SA4A11 45022SA4A12 45022SD4000 45022SD4010 45022SD431446 45022SD4A10 45022SD4A11 45022SD4A12 45022SD4E00 GBP90298 Acura Mileage (Legend) four-door<\/p>","protected":false},"featured_media":20462,"template":"","meta":[],"product_cat":[15],"product_tag":[],"_links":{"self":[{"href":"https:\/\/hbsfwmetalworking.com\/fr\/wp-json\/wp\/v2\/product\/20461"}],"collection":[{"href":"https:\/\/hbsfwmetalworking.com\/fr\/wp-json\/wp\/v2\/product"}],"about":[{"href":"https:\/\/hbsfwmetalworking.com\/fr\/wp-json\/wp\/v2\/types\/product"}],"wp:featuredmedia":[{"embeddable":true,"href":"https:\/\/hbsfwmetalworking.com\/fr\/wp-json\/wp\/v2\/media\/20462"}],"wp:attachment":[{"href":"https:\/\/hbsfwmetalworking.com\/fr\/wp-json\/wp\/v2\/media?parent=20461"}],"wp:term":[{"taxonomy":"product_cat","embeddable":true,"href":"https:\/\/hbsfwmetalworking.com\/fr\/wp-json\/wp\/v2\/product_cat?post=20461"},{"taxonomy":"product_tag","embeddable":true,"href":"https:\/\/hbsfwmetalworking.com\/fr\/wp-json\/wp\/v2\/product_tag?post=20461"}],"curies":[{"name":"wp","href":"https:\/\/api.w.org\/{rel}","templated":true}]}}